{"id":125,"date":"2023-09-07T12:13:28","date_gmt":"2023-09-07T12:13:28","guid":{"rendered":"https:\/\/reiten-algarve.de\/?page_id=125"},"modified":"2024-08-15T18:06:50","modified_gmt":"2024-08-15T18:06:50","slug":"lessons","status":"publish","type":"page","link":"https:\/\/reiten-algarve.de\/?page_id=125","title":{"rendered":"Riding Lessons"},"content":{"rendered":"\r\n<div class=\"wp-block-group alignfull is-layout-constrained\">\r\n<div class=\"wp-block-group alignfull has-white-background-color has-background is-content-justification-center is-layout-flex wp-container-5\" style=\"padding: var(--wp--preset--spacing--30);\">\r\n<div class=\"wp-block-group is-layout-flex wp-container-2\"><div class=\"wp-block-site-logo\"><a href=\"https:\/\/reiten-algarve.de\/\" class=\"custom-logo-link\" rel=\"home\"><img loading=\"lazy\" width=\"67\" height=\"67\" src=\"https:\/\/reiten-algarve.de\/wp-content\/uploads\/2024\/08\/alinalogo.png\" class=\"custom-logo\" alt=\"Mundo de Alina\" decoding=\"async\" srcset=\"https:\/\/reiten-algarve.de\/wp-content\/uploads\/2024\/08\/alinalogo.png 600w, https:\/\/reiten-algarve.de\/wp-content\/uploads\/2024\/08\/alinalogo-300x300.png 300w, https:\/\/reiten-algarve.de\/wp-content\/uploads\/2024\/08\/alinalogo-150x150.png 150w\" sizes=\"(max-width: 67px) 100vw, 67px\" \/><\/a><\/div>\r\n\r\n\r\n<div class=\"wp-block-group is-vertical is-layout-flex wp-container-1\"><h1 class=\"has-link-color wp-block-site-title has-medium-font-size wp-elements-234e57400cf5587740bb7caa261d6fc4\"><a href=\"https:\/\/reiten-algarve.de\" target=\"_self\" rel=\"home\">Mundo de Alina<\/a><\/h1><\/div>\r\n<\/div>\r\n\r\n\r\n<nav class=\"is-responsive items-justified-right wp-block-navigation is-content-justification-right is-layout-flex wp-container-4\" aria-label=\"Header-Navigation 4\"><button aria-haspopup=\"true\" aria-label=\"Men\u00fc \u00f6ffnen\" class=\"wp-block-navigation__responsive-container-open \" data-micromodal-trigger=\"modal-3\"><svg width=\"24\" height=\"24\" xmlns=\"http:\/\/www.w3.org\/2000\/svg\" viewBox=\"0 0 24 24\" aria-hidden=\"true\" focusable=\"false\"><rect x=\"4\" y=\"7.5\" width=\"16\" height=\"1.5\" \/><rect x=\"4\" y=\"15\" width=\"16\" height=\"1.5\" \/><\/svg><\/button>\n\t\t\t<div class=\"wp-block-navigation__responsive-container  \" style=\"\" id=\"modal-3\">\n\t\t\t\t<div class=\"wp-block-navigation__responsive-close\" tabindex=\"-1\" data-micromodal-close>\n\t\t\t\t\t<div class=\"wp-block-navigation__responsive-dialog\" aria-label=\"Men\u00fc\">\n\t\t\t\t\t\t\t<button aria-label=\"Men\u00fc schlie\u00dfen\" data-micromodal-close class=\"wp-block-navigation__responsive-container-close\"><svg xmlns=\"http:\/\/www.w3.org\/2000\/svg\" viewBox=\"0 0 24 24\" width=\"24\" height=\"24\" aria-hidden=\"true\" focusable=\"false\"><path d=\"M13 11.8l6.1-6.3-1-1-6.1 6.2-6.1-6.2-1 1 6.1 6.3-6.5 6.7 1 1 6.5-6.6 6.5 6.6 1-1z\"><\/path><\/svg><\/button>\n\t\t\t\t\t\t<div class=\"wp-block-navigation__responsive-container-content\" id=\"modal-3-content\">\n\t\t\t\t\t\t\t<ul class=\"wp-block-navigation__container\"><li class=\" wp-block-navigation-item wp-block-navigation-link has-semi-medium-font-size\"><a class=\"wp-block-navigation-item__content\"  href=\"https:\/\/reiten-algarve.de\/?page_id=69\"><span class=\"wp-block-navigation-item__label\"><strong>My<\/strong> <strong>Horses<\/strong><\/span><\/a><\/li><li class=\" wp-block-navigation-item wp-block-navigation-link has-semi-medium-font-size\"><a class=\"wp-block-navigation-item__content\"  href=\"https:\/\/reiten-algarve.de\/?page_id=446\"><span class=\"wp-block-navigation-item__label\"><strong>About me<\/strong><\/span><\/a><\/li><li class=\" wp-block-navigation-item wp-block-navigation-link\"><a class=\"wp-block-navigation-item__content\"  href=\"https:\/\/reiten-algarve.de\/?page_id=78\"><span class=\"wp-block-navigation-item__label\"><strong>Contact<\/strong><\/span><\/a><\/li><\/ul>\n\t\t\t\t\t\t<\/div>\n\t\t\t\t\t<\/div>\n\t\t\t\t<\/div>\n\t\t\t<\/div><\/nav><\/div>\r\n\r\n\r\n\r\n<div class=\"wp-block-cover alignfull is-light\" style=\"margin-top: 0; min-height: 40vw;\"><img decoding=\"async\" loading=\"lazy\" width=\"1708\" height=\"1280\" class=\"wp-block-cover__image-background wp-image-238\" style=\"object-position: 51% 58%;\" src=\"http:\/\/reiten-algarve.de\/wp-content\/uploads\/2023\/09\/2F593304-90BB-4A6E-8E06-0D8B992DF607-1-edited.jpg\" alt=\"\" data-object-fit=\"cover\" data-object-position=\"51% 58%\" srcset=\"https:\/\/reiten-algarve.de\/wp-content\/uploads\/2023\/09\/2F593304-90BB-4A6E-8E06-0D8B992DF607-1-edited.jpg 1708w, https:\/\/reiten-algarve.de\/wp-content\/uploads\/2023\/09\/2F593304-90BB-4A6E-8E06-0D8B992DF607-1-edited-300x225.jpg 300w, https:\/\/reiten-algarve.de\/wp-content\/uploads\/2023\/09\/2F593304-90BB-4A6E-8E06-0D8B992DF607-1-edited-1024x767.jpg 1024w, https:\/\/reiten-algarve.de\/wp-content\/uploads\/2023\/09\/2F593304-90BB-4A6E-8E06-0D8B992DF607-1-edited-768x576.jpg 768w, https:\/\/reiten-algarve.de\/wp-content\/uploads\/2023\/09\/2F593304-90BB-4A6E-8E06-0D8B992DF607-1-edited-1536x1151.jpg 1536w\" sizes=\"(max-width: 1708px) 100vw, 1708px\" \/>\r\n<div class=\"wp-block-cover__inner-container\">\r\n<div class=\"wp-block-spacer\" style=\"height: 50px;\" aria-hidden=\"true\">\u00a0<\/div>\r\n<\/div>\r\n<\/div>\r\n<\/div>\r\n\r\n\r\n\r\n<div class=\"wp-block-group alignfull is-layout-constrained\">\r\n<div class=\"wp-block-group alignfull has-background is-layout-flow\" style=\"background-color: #f5eac103; padding: 6vw;\">\r\n<div class=\"wp-block-group is-vertical is-content-justification-left is-nowrap is-layout-flex wp-container-7\" style=\"padding-right: 0; padding-left: 0;\">\r\n<h1 class=\"wp-block-heading has-text-color\" style=\"color: #000000; font-size: 6vw;\">Lessons<\/h1>\r\n<\/div>\r\n\r\n\r\n\r\n<div class=\"wp-block-group alignwide is-nowrap is-layout-flex wp-container-11\" style=\"padding: 0;\">\r\n<div class=\"wp-block-columns is-layout-flex wp-container-10\">\r\n<div class=\"wp-block-column is-layout-flow\" style=\"flex-basis: 33.33%;\">\r\n<p style=\"font-size: 17px;\">Wir bieten Reitstunden f\u00fcr jegliches k\u00f6nnen\/Skillelvel an. Egal, ob du ein kompletter Anf\u00e4nger ohne jede Erfahrung im Sattel bist oder bereits fortgeschrittene Reitkenntnisse mitbringst \u2013 bei uns findest du den passenden Unterricht.<\/p>\r\n<\/div>\r\n\r\n\r\n\r\n<div class=\"wp-block-column is-layout-flow\" style=\"flex-basis: 66.66%;\">\r\n<figure class=\"wp-block-image size-full\"><img decoding=\"async\" loading=\"lazy\" width=\"480\" height=\"360\" class=\"wp-image-259\" src=\"https:\/\/reiten-algarve.de\/wp-content\/uploads\/2023\/09\/42AFD972-B5D0-4901-BAFB-CFE0B1469F9E-edited.jpg\" alt=\"\" srcset=\"https:\/\/reiten-algarve.de\/wp-content\/uploads\/2023\/09\/42AFD972-B5D0-4901-BAFB-CFE0B1469F9E-edited.jpg 480w, https:\/\/reiten-algarve.de\/wp-content\/uploads\/2023\/09\/42AFD972-B5D0-4901-BAFB-CFE0B1469F9E-edited-300x225.jpg 300w\" sizes=\"(max-width: 480px) 100vw, 480px\" \/><\/figure>\r\n<\/div>\r\n<\/div>\r\n<\/div>\r\n\r\n\r\n\r\n<p style=\"font-size: 17px;\">F\u00fcr Anf\u00e4ngerinnen und Anf\u00e4nger starten wir mit einf\u00fchlsamen Grundkursen. Hier lernst du, wie man sicher und vertrauensvoll mit einem Pferd umgeht. Unsere erfahrenen Instruktoren f\u00fchren dich Schritt f\u00fcr Schritt durch die Grundlagen des Reitens, vom richtigen Putzen und Satteln bis hin zu den Grundlagen des Reitens im Schritt und Trab.<\/p>\r\n<\/div>\r\n<\/div>\r\n\r\n\r\n\r\n<div class=\"wp-block-group alignfull is-layout-flow\">\r\n<div class=\"wp-block-columns is-layout-flex wp-container-16\">\r\n<div class=\"wp-block-column is-layout-flow\" style=\"flex-basis: 66.66%;\">\r\n<figure class=\"wp-block-image size-large\"><img decoding=\"async\" loading=\"lazy\" width=\"1024\" height=\"768\" class=\"wp-image-252\" src=\"http:\/\/reiten-algarve.de\/wp-content\/uploads\/2023\/09\/AD0A9A1B-D461-452F-9BA1-DCE56998A9C0-2-edited-1024x768.jpg\" alt=\"\" srcset=\"https:\/\/reiten-algarve.de\/wp-content\/uploads\/2023\/09\/AD0A9A1B-D461-452F-9BA1-DCE56998A9C0-2-edited-1024x768.jpg 1024w, https:\/\/reiten-algarve.de\/wp-content\/uploads\/2023\/09\/AD0A9A1B-D461-452F-9BA1-DCE56998A9C0-2-edited-300x225.jpg 300w, https:\/\/reiten-algarve.de\/wp-content\/uploads\/2023\/09\/AD0A9A1B-D461-452F-9BA1-DCE56998A9C0-2-edited-768x576.jpg 768w, https:\/\/reiten-algarve.de\/wp-content\/uploads\/2023\/09\/AD0A9A1B-D461-452F-9BA1-DCE56998A9C0-2-edited-1536x1152.jpg 1536w, https:\/\/reiten-algarve.de\/wp-content\/uploads\/2023\/09\/AD0A9A1B-D461-452F-9BA1-DCE56998A9C0-2-edited-2048x1536.jpg 2048w\" sizes=\"(max-width: 1024px) 100vw, 1024px\" \/><\/figure>\r\n<\/div>\r\n\r\n\r\n\r\n<div class=\"wp-block-column is-layout-flow\" style=\"flex-basis: 33.33%;\">\r\n<p>Wenn du bereits etwas Erfahrung hast, bieten wir Fortgeschrittenenkurse an, in denen du deine F\u00e4higkeiten vertiefen kannst. Hier kannst du deine Technik verbessern, verschiedene Reitstile ausprobieren und dich auf anspruchsvollere Reitaufgaben freuen.<\/p>\r\n<\/div>\r\n<\/div>\r\n<\/div>\r\n","protected":false},"excerpt":{"rendered":"<p>Lessons Wir bieten Reitstunden f\u00fcr jegliches k\u00f6nnen\/Skillelvel an. Egal, ob du ein kompletter Anf\u00e4nger ohne jede Erfahrung im Sattel bist oder bereits fortgeschrittene Reitkenntnisse mitbringst \u2013 bei uns findest du [&hellip;]<\/p>\n","protected":false},"author":1,"featured_media":0,"parent":0,"menu_order":0,"comment_status":"closed","ping_status":"closed","template":"","meta":{"pgc_sgb_lightbox_settings":"{\"enableLightbox\":true,\"useGlobalPreset\":false,\"nativGalleryEnable\":true,\"nativeAttachment\":true,\"singletonAttachment\":true,\"groupingAllImages\":false,\"lightboxType\":\"classic\",\"copyRProtection\":false,\"copyRAlert\":\"Hello, this photo is mine!\",\"sliderScrollNavi\":false,\"sliderNextPrevAnimation\":\"animation\",\"galleryScrollPositionControll\":false,\"sliderVideoAutoPlay\":false,\"sliderTryPlayNext\":false,\"sliderVideoLoop\":false,\"sliderItemCounterEnable\":true,\"sliderItemTitleEnable\":false,\"sliderItemTitleFontSize\":18,\"sliderItemTitleTextColor\":\"rgba(255,255,255,1)\",\"itemCounterColor\":\"rgba(255,255,255,1)\",\"sliderThumbBarEnable\":true,\"sliderThumbBarHoverColor\":\"rgba(240,240,240,1)\",\"sliderBgColor\":\"rgba(0,0,0,0.8)\",\"sliderPreloaderColor\":\"rgba(240,240,240,1)\",\"sliderHeaderFooterBgColor\":\"rgba(0,0,0,0.4)\",\"sliderNavigationColor\":\"rgba(0,0,0,1)\",\"sliderNavigationColorOver\":\"rgba(255,255,255,1)\",\"sliderNavigationIconColor\":\"rgba(255,255,255,1)\",\"sliderNavigationIconColorOver\":\"rgba(0,0,0,1)\",\"sliderSlideshow\":true,\"sliderSlideshowDelay\":8,\"slideshowIndicatorColor\":\"rgba(255,255,255,1)\",\"slideshowIndicatorColorBg\":\"rgba(255,255,255,0.5)\",\"sliderThumbSubMenuBackgroundColor\":\"rgba(255,255,255,0)\",\"sliderThumbSubMenuBackgroundColorOver\":\"rgba(255,255,255,1)\",\"sliderThumbSubMenuIconColor\":\"rgba(255,255,255,1)\",\"sliderThumbSubMenuIconHoverColor\":\"rgba(0,0,0,1)\",\"sliderSocialShareEnabled\":true,\"sliderZoomEnable\":true,\"sliderFullscreenEnabled\":true,\"modaBgColor\":\"rgba(0,0,0,0.8)\",\"modalIconColor\":\"rgba(255,255,255,1)\",\"modalIconColorHover\":\"rgba(255,255,255,0.8)\",\"shareFacebook\":true,\"shareTwitter\":true,\"sharePinterest\":true,\"sliderItemDownload\":true,\"shareCopyLink\":true}"},"_links":{"self":[{"href":"https:\/\/reiten-algarve.de\/index.php?rest_route=\/wp\/v2\/pages\/125"}],"collection":[{"href":"https:\/\/reiten-algarve.de\/index.php?rest_route=\/wp\/v2\/pages"}],"about":[{"href":"https:\/\/reiten-algarve.de\/index.php?rest_route=\/wp\/v2\/types\/page"}],"author":[{"embeddable":true,"href":"https:\/\/reiten-algarve.de\/index.php?rest_route=\/wp\/v2\/users\/1"}],"replies":[{"embeddable":true,"href":"https:\/\/reiten-algarve.de\/index.php?rest_route=%2Fwp%2Fv2%2Fcomments&post=125"}],"version-history":[{"count":11,"href":"https:\/\/reiten-algarve.de\/index.php?rest_route=\/wp\/v2\/pages\/125\/revisions"}],"predecessor-version":[{"id":755,"href":"https:\/\/reiten-algarve.de\/index.php?rest_route=\/wp\/v2\/pages\/125\/revisions\/755"}],"wp:attachment":[{"href":"https:\/\/reiten-algarve.de\/index.php?rest_route=%2Fwp%2Fv2%2Fmedia&parent=125"}],"curies":[{"name":"wp","href":"https:\/\/api.w.org\/{rel}","templated":true}]}}